{"id":720,"date":"2021-08-26T11:03:19","date_gmt":"2021-08-26T11:03:19","guid":{"rendered":"https:\/\/holaextremundo.com\/?page_id=720"},"modified":"2023-01-14T19:27:12","modified_gmt":"2023-01-14T19:27:12","slug":"jovenes-expertos-verificacion-datos","status":"publish","type":"page","link":"https:\/\/holaextremundo.com\/en\/jovenes-expertos-verificacion-datos\/","title":{"rendered":"J\u00f3venes expertos en verificaci\u00f3n de datos: \u00a1Da rienda suelta a tu pensamiento cr\u00edtico!\u200b"},"content":{"rendered":"<style>\/*! elementor - v3.7.7 - 20-09-2022 *\/<br \/>\n.elementor-widget-image{text-align:center}.elementor-widget-image a{display:inline-block}.elementor-widget-image a img[src$=\".svg\"]{width:48px}.elementor-widget-image img{vertical-align:middle;display:inline-block}<\/style>\n<p>\t\t\t\t\t\t\t\t\t\t\t\t<img loading=\"lazy\" decoding=\"async\" width=\"1024\" height=\"439\" src=\"https:\/\/holaextremundo.com\/wp-content\/uploads\/2021\/08\/Fake-news-1024x439.jpg\" alt=\"Fake news\" loading=\"lazy\" srcset=\"https:\/\/holaextremundo.com\/wp-content\/uploads\/2021\/08\/Fake-news-1024x439.jpg 1024w, https:\/\/holaextremundo.com\/wp-content\/uploads\/2021\/08\/Fake-news-300x129.jpg 300w, https:\/\/holaextremundo.com\/wp-content\/uploads\/2021\/08\/Fake-news-768x329.jpg 768w, https:\/\/holaextremundo.com\/wp-content\/uploads\/2021\/08\/Fake-news-18x8.jpg 18w, https:\/\/holaextremundo.com\/wp-content\/uploads\/2021\/08\/Fake-news-500x214.jpg 500w, https:\/\/holaextremundo.com\/wp-content\/uploads\/2021\/08\/Fake-news-800x343.jpg 800w, https:\/\/holaextremundo.com\/wp-content\/uploads\/2021\/08\/Fake-news-1280x549.jpg 1280w, https:\/\/holaextremundo.com\/wp-content\/uploads\/2021\/08\/Fake-news.jpg 1400w\" sizes=\"auto, (max-width: 1024px) 100vw, 1024px\"><\/p>\n<h3 style=\"font-size: 23px; letter-spacing: normal; line-height: 1.3em; font-family: Poppins, Arial, Helvetica, sans-serif; color: #000000;\">Lugar: Cuacos de Yuste (Espa\u00f1a)<br \/>\nTem\u00e1tica: fake news<br \/>\nFechas: del 7 al 15 de septiembre<br \/>\nPlazas: 6 disponibles<\/h3>\n<p><strong>Fundamentos del proyecto<\/strong>:<\/p>\n<p>En los \u00faltimos a\u00f1os, la desinformaci\u00f3n se ha convertido en un fen\u00f3meno global debido a su crecimiento explosivo, particularmente en las redes sociales. El uso generalizado de la desinformaci\u00f3n puede causar efectos sociales muy perjudiciales. Mediante varias formas de propaganda, una noticia falsa digital puede llegar a convertirse en una gran amenaza.&nbsp;<\/p>\n<p>Historias falsas o enga\u00f1osas pueden ser f\u00e1cilmente creadas y difundidas a trav\u00e9s de las redes en cuesti\u00f3n de unos pocos clics. Dichas historias falsas se llegan a convertir en parte de fuentes personalizadas que la gente consume de manera habitual. La falta de pensamiento cr\u00edtico es lo que empeora el problema, ya que un alto porcentaje de los usuarios de redes sociales, incluyendo a muchos j\u00f3venes, tiende a consumir y compartir contenido de manera casi mec\u00e1nica.<\/p>\n<p>Los j\u00f3venes son muy f\u00e1cilmente vulnerables al enga\u00f1o, por lo que requieren apoyo y un conocimiento adecuado para distinguir entre fuentes fiables y no fiables. Muchas de estas informaciones falsas se difunden para provocar odio y tensi\u00f3n entre diferentes grupos de j\u00f3venes. Como los j\u00f3venes pertenecen a la mayor parte de la audiencia on-line que carece seriamente de experiencia para afrontar la desinformaci\u00f3n, todo ello crea una potencial amenaza en favor de una polarizaci\u00f3n social y un extremismo violento (discurso de odio) que, en \u00faltima instancia, fomentan un gran deterioro democr\u00e1tico.<\/p>\n<p>De este modo, nuestro proyecto pretende ayudar a los j\u00f3venes a aprender a detectar la desinformaci\u00f3n en sus usos diarios de internet y las redes sociales, ya sea que est\u00e9n navegando por la red, jugando en l\u00ednea, compartiendo informaci\u00f3n o sociabilizando en diversas plataformas. As\u00ed pues, nuestro objetivo es promover la tolerancia y contribuir a la eliminaci\u00f3n de una discriminaci\u00f3n, provocada mayoritariamente por la desinformaci\u00f3n, mediante una mejora de la alfabetizaci\u00f3n medi\u00e1tica y el fomento hacia los j\u00f3venes para que tomen medidas contra estas amenazas.<\/p>\n<p><strong>Objetivos espec\u00edficos del proyecto<\/strong>:<\/p>\n<p>\u2013 Comprender la implicaci\u00f3n sociol\u00f3gica y psicol\u00f3gica que las redes sociales est\u00e1n teniendo en los j\u00f3venes y sus identidades;<\/p>\n<p>\u2013 Promover la capacidad de an\u00e1lisis cr\u00edtico sobre el uso de las redes sociales, rompiendo as\u00ed los estereotipos y prejuicios hacia diferentes grupos socialmente vulnerables;<\/p>\n<p>\u2013 Despertar el asombro de los participantes acerca del da\u00f1o causado por las noticias falsas y desarrollar sus competencias para identificar y combatir la desinformaci\u00f3n que promueve la discriminaci\u00f3n o el discurso de odio;<\/p>\n<p>\u2013 Promover el entendimiento entre la juventud sobre c\u00f3mo ciertas opiniones se basan \u00fanica y exclusivamente a trav\u00e9s del uso de las redes sociales;<\/p>\n<p>\u2013 Intercambiar conocimientos e ideas entre participantes, crear alianzas y\/o generar nuevas posibilidades de cooperaci\u00f3n;<\/p>\n<p>\u2013 Conectar a participantes j\u00f3venes con entidades profesionales que trabajen contra la desinformaci\u00f3n desde el nivel local al internacional;<\/p>\n<p>\u2013 Promover un enriquecimiento intercultural.<\/p>\n<p>\u00a1Desde la Asociaci\u00f3n Extremundo deseamos ofreceros 6 plazas para que particip\u00e9is en el mismo junto a otros j\u00f3venes de Armenia, Egipto, Georgia, Macedonia del Norte, Malta y Ruman\u00eda en Cuacos de Yuste del 7 al 15 de septiembre de 2022!<\/p>\n<p><a href=\"https:\/\/bit.ly\/Info-PackJEVD\" role=\"button\"><br \/>\nINFO-PACK<br \/>\n<\/a><br \/>\n<a href=\"https:\/\/holaextremundo.com\/yfce-intercambio-juvenil\/\" role=\"button\"><br \/>\nCR\u00d3NICA<br \/>\n<\/a><\/p>\n","protected":false},"excerpt":{"rendered":"<p>Lugar: Cuacos de Yuste (Espa\u00f1a) Tem\u00e1tica: fake news Fechas: del 7 al 15 de septiembre Plazas: 6 disponibles Fundamentos del proyecto: En los \u00faltimos a\u00f1os, la desinformaci\u00f3n se ha convertido en un fen\u00f3meno global debido a su crecimiento explosivo, particularmente en las redes sociales. El uso generalizado de la desinformaci\u00f3n puede causar efectos sociales muy&hellip;&nbsp;<a href=\"https:\/\/holaextremundo.com\/en\/jovenes-expertos-verificacion-datos\/\" rel=\"bookmark\">Read More &raquo;<span class=\"screen-reader-text\">J\u00f3venes expertos en verificaci\u00f3n de datos: \u00a1Da rienda suelta a tu pensamiento cr\u00edtico!\u200b<\/span><\/a><\/p>","protected":false},"author":1,"featured_media":0,"parent":0,"menu_order":0,"comment_status":"closed","ping_status":"closed","template":"","meta":{"neve_meta_sidebar":"full-width","neve_meta_container":"","neve_meta_enable_content_width":"on","neve_meta_content_width":100,"neve_meta_title_alignment":"","neve_meta_author_avatar":"","neve_post_elements_order":"","neve_meta_disable_header":"","neve_meta_disable_footer":"","neve_meta_disable_title":"","_vp_format_video_url":"","_vp_image_focal_point":[],"footnotes":""},"class_list":["post-720","page","type-page","status-publish","hentry"],"_links":{"self":[{"href":"https:\/\/holaextremundo.com\/en\/wp-json\/wp\/v2\/pages\/720","targetHints":{"allow":["GET"]}}],"collection":[{"href":"https:\/\/holaextremundo.com\/en\/wp-json\/wp\/v2\/pages"}],"about":[{"href":"https:\/\/holaextremundo.com\/en\/wp-json\/wp\/v2\/types\/page"}],"author":[{"embeddable":true,"href":"https:\/\/holaextremundo.com\/en\/wp-json\/wp\/v2\/users\/1"}],"replies":[{"embeddable":true,"href":"https:\/\/holaextremundo.com\/en\/wp-json\/wp\/v2\/comments?post=720"}],"version-history":[{"count":42,"href":"https:\/\/holaextremundo.com\/en\/wp-json\/wp\/v2\/pages\/720\/revisions"}],"predecessor-version":[{"id":1243,"href":"https:\/\/holaextremundo.com\/en\/wp-json\/wp\/v2\/pages\/720\/revisions\/1243"}],"wp:attachment":[{"href":"https:\/\/holaextremundo.com\/en\/wp-json\/wp\/v2\/media?parent=720"}],"curies":[{"name":"wp","href":"https:\/\/api.w.org\/{rel}","templated":true}]}}