{"id":1322,"date":"2023-03-22T13:51:21","date_gmt":"2023-03-22T13:51:21","guid":{"rendered":"https:\/\/holaextremundo.com\/?page_id=1322"},"modified":"2023-03-22T13:58:12","modified_gmt":"2023-03-22T13:58:12","slug":"system-paterno","status":"publish","type":"page","link":"https:\/\/holaextremundo.com\/en\/system-paterno\/","title":{"rendered":"SYSTEM Patern\u00f2"},"content":{"rendered":"\n<p>Del 6 al 10 de Marzo hemos estado en Patern\u00f2 (Sicilia , Italia <img decoding=\"async\" height=\"16\" width=\"16\" src=\"https:\/\/static.xx.fbcdn.net\/images\/emoji.php\/v9\/t52\/1.5\/16\/1f1ee_1f1f9.png\" alt=\"\ud83c\uddee\ud83c\uddf9\">) en la primera movilidad del proyecto SYSTEM con un programa de actividades orientado a fomentar las vocaciones cient\u00edfico-tecnol\u00f3gicas en los j\u00f3venes<\/p>\n\n\n\n<h2 class=\"wp-block-heading\">Actividades de la primera movilidad en Patern\u00f3 (Sicilia)<\/h2>\n\n\n\n<p>Hemos visitado la escuela agraria y de mec\u00e1nica del Istituto Francesco Redi, la universit\u00e0 degli studi di Catania<\/p>\n\n\n\n<p>Entre las actividades culturales, hemos visitado el Castillo y la parte antigua de Patern\u00f2, hemos subido al Volc\u00e1n del Etna y la ciudad de Catania. Un rico encuentro cultural, educativo y cient\u00edfico tecnol\u00f3gico<\/p>\n\n\n\n<figure class=\"wp-block-image size-large\"><img fetchpriority=\"high\" decoding=\"async\" width=\"1024\" height=\"1024\" src=\"https:\/\/holaextremundo.com\/wp-content\/uploads\/2023\/03\/335482564_1227789997831132_5033205673431294066_n-1024x1024.jpg\" alt=\"\" class=\"wp-image-1327\" srcset=\"https:\/\/holaextremundo.com\/wp-content\/uploads\/2023\/03\/335482564_1227789997831132_5033205673431294066_n-1024x1024.jpg 1024w, https:\/\/holaextremundo.com\/wp-content\/uploads\/2023\/03\/335482564_1227789997831132_5033205673431294066_n-300x300.jpg 300w, https:\/\/holaextremundo.com\/wp-content\/uploads\/2023\/03\/335482564_1227789997831132_5033205673431294066_n-150x150.jpg 150w, https:\/\/holaextremundo.com\/wp-content\/uploads\/2023\/03\/335482564_1227789997831132_5033205673431294066_n-768x768.jpg 768w, https:\/\/holaextremundo.com\/wp-content\/uploads\/2023\/03\/335482564_1227789997831132_5033205673431294066_n-12x12.jpg 12w, https:\/\/holaextremundo.com\/wp-content\/uploads\/2023\/03\/335482564_1227789997831132_5033205673431294066_n-500x500.jpg 500w, https:\/\/holaextremundo.com\/wp-content\/uploads\/2023\/03\/335482564_1227789997831132_5033205673431294066_n-800x800.jpg 800w, https:\/\/holaextremundo.com\/wp-content\/uploads\/2023\/03\/335482564_1227789997831132_5033205673431294066_n.jpg 1080w\" sizes=\"(max-width: 1024px) 100vw, 1024px\" \/><figcaption class=\"wp-element-caption\">Primera movilidad del proyecto SYSTEM &#8211; Supporting Youth in STEM programa gracias a Erasmus+<\/figcaption><\/figure>\n\n\n\n<h2 class=\"wp-block-heading\">Socios participantes<\/h2>\n\n\n\n<p>Los socios participantes han sido el Francesco Redi, el Adile Mermerci, SteamCenterBadajoz, IES S\u00e1enz de Buruaga y la Asociaci\u00f3n Extremundo<\/p>\n\n\n\n<p>10 estudiantes y 10 profesores de Espa\u00f1a, Turqu\u00eda e Italia han sido los participantes<\/p>\n\n\n\n<p>El proyecto \u00abSYSTEM &#8211; Supporting Youth in Science Technology Engineering and Maths\u00bb cofinanciado por el programa Erasmus+ de la Uni\u00f3n Europea<\/p>\n\n\n\n<p>\u00a1Pr\u00f3xima parada : del 16 al 20 de Abril en Badajoz en Badajoz y las instalaciones de STEAM Center Badajoz!<\/p>\n\n\n\n<p>\u2022 Colaboradores:<\/p>\n\n\n\n<p><img decoding=\"async\" height=\"16\" width=\"16\" alt=\"\ud83c\uddea\ud83c\uddf8\" src=\"https:\/\/static.xx.fbcdn.net\/images\/emoji.php\/v9\/tcd\/1.5\/16\/1f1ea_1f1f8.png\"><a href=\"https:\/\/www.facebook.com\/holaextremundo?__cft__[0]=AZVxdh3XKfkrWuhKZNU54tosryQRbOOrGp475Zs9xhAcqY7-_jhu_WaMHWuwuI-KUL1S1PksPAZ4ka__v0yi3SkUCK-fKhUFJpfz7fFydjtopmRrrzUEP_ReaYMaoNbNjVsPuySbMaOM9eoEV0vO_UxZ81hcnlIZgBN5yIsNukW4yt48hFH9AgEbPOj9oVxXj_8&amp;__tn__=-]K-R\">Asociaci\u00f3n Extremundo<\/a><\/p>\n\n\n\n<p><img decoding=\"async\" height=\"16\" width=\"16\" alt=\"\ud83c\uddea\ud83c\uddf8\" src=\"https:\/\/static.xx.fbcdn.net\/images\/emoji.php\/v9\/tcd\/1.5\/16\/1f1ea_1f1f8.png\"><a href=\"https:\/\/www.facebook.com\/institutosaenzdeburuaga?__cft__[0]=AZVxdh3XKfkrWuhKZNU54tosryQRbOOrGp475Zs9xhAcqY7-_jhu_WaMHWuwuI-KUL1S1PksPAZ4ka__v0yi3SkUCK-fKhUFJpfz7fFydjtopmRrrzUEP_ReaYMaoNbNjVsPuySbMaOM9eoEV0vO_UxZ81hcnlIZgBN5yIsNukW4yt48hFH9AgEbPOj9oVxXj_8&amp;__tn__=-]K-R\">IES S\u00e1enz de Buruaga<\/a><\/p>\n\n\n\n<p><img decoding=\"async\" height=\"16\" width=\"16\" alt=\"\ud83c\uddea\ud83c\uddf8\" src=\"https:\/\/static.xx.fbcdn.net\/images\/emoji.php\/v9\/tcd\/1.5\/16\/1f1ea_1f1f8.png\"><a href=\"https:\/\/www.facebook.com\/SteamCenterES?__cft__[0]=AZVxdh3XKfkrWuhKZNU54tosryQRbOOrGp475Zs9xhAcqY7-_jhu_WaMHWuwuI-KUL1S1PksPAZ4ka__v0yi3SkUCK-fKhUFJpfz7fFydjtopmRrrzUEP_ReaYMaoNbNjVsPuySbMaOM9eoEV0vO_UxZ81hcnlIZgBN5yIsNukW4yt48hFH9AgEbPOj9oVxXj_8&amp;__tn__=-]K-R\">Steam Center Badajoz<\/a><\/p>\n\n\n\n<p><img loading=\"lazy\" decoding=\"async\" height=\"16\" width=\"16\" alt=\"\ud83c\uddee\ud83c\uddf9\" src=\"https:\/\/static.xx.fbcdn.net\/images\/emoji.php\/v9\/t52\/1.5\/16\/1f1ee_1f1f9.png\"><a href=\"https:\/\/www.facebook.com\/profile.php?id=100051726322751&amp;__cft__[0]=AZVxdh3XKfkrWuhKZNU54tosryQRbOOrGp475Zs9xhAcqY7-_jhu_WaMHWuwuI-KUL1S1PksPAZ4ka__v0yi3SkUCK-fKhUFJpfz7fFydjtopmRrrzUEP_ReaYMaoNbNjVsPuySbMaOM9eoEV0vO_UxZ81hcnlIZgBN5yIsNukW4yt48hFH9AgEbPOj9oVxXj_8&amp;__tn__=-]K-R\">IIS Francesco Redi &#8211; Patern\u00f2<\/a><\/p>\n\n\n\n<p><img loading=\"lazy\" decoding=\"async\" height=\"16\" width=\"16\" alt=\"\ud83c\uddf9\ud83c\uddf7\" src=\"https:\/\/static.xx.fbcdn.net\/images\/emoji.php\/v9\/t83\/1.5\/16\/1f1f9_1f1f7.png\"> Adile Mermerci<\/p>\n\n\n\n<p>\u2022 Cofinanciadores:<\/p>\n\n\n\n<p><img loading=\"lazy\" decoding=\"async\" height=\"16\" width=\"16\" src=\"https:\/\/static.xx.fbcdn.net\/images\/emoji.php\/v9\/t76\/1.5\/16\/1f1ea_1f1fa.png\" alt=\"\ud83c\uddea\ud83c\uddfa\"><img loading=\"lazy\" decoding=\"async\" height=\"16\" width=\"16\" src=\"https:\/\/static.xx.fbcdn.net\/images\/emoji.php\/v9\/tcd\/1.5\/16\/1f1ea_1f1f8.png\" alt=\"\ud83c\uddea\ud83c\uddf8\"><a href=\"https:\/\/www.facebook.com\/ErasmusPlusSEPIE\/?__cft__[0]=AZVxdh3XKfkrWuhKZNU54tosryQRbOOrGp475Zs9xhAcqY7-_jhu_WaMHWuwuI-KUL1S1PksPAZ4ka__v0yi3SkUCK-fKhUFJpfz7fFydjtopmRrrzUEP_ReaYMaoNbNjVsPuySbMaOM9eoEV0vO_UxZ81hcnlIZgBN5yIsNukW4yt48hFH9AgEbPOj9oVxXj_8&amp;__tn__=kK-R\">Servicio Espa\u00f1ol para la Internacionalizaci\u00f3n de la Educaci\u00f3n<\/a><\/p>\n","protected":false},"excerpt":{"rendered":"<p>Del 6 al 10 de Marzo hemos estado en Patern\u00f2 (Sicilia , Italia ) en la primera movilidad del proyecto SYSTEM con un programa de actividades orientado a fomentar las vocaciones cient\u00edfico-tecnol\u00f3gicas en los j\u00f3venes Actividades de la primera movilidad en Patern\u00f3 (Sicilia) Hemos visitado la escuela agraria y de mec\u00e1nica del Istituto Francesco Redi,&hellip;&nbsp;<a href=\"https:\/\/holaextremundo.com\/en\/system-paterno\/\" rel=\"bookmark\">Read More &raquo;<span class=\"screen-reader-text\">SYSTEM Patern\u00f2<\/span><\/a><\/p>","protected":false},"author":1,"featured_media":0,"parent":0,"menu_order":0,"comment_status":"closed","ping_status":"closed","template":"","meta":{"neve_meta_sidebar":"","neve_meta_container":"","neve_meta_enable_content_width":"","neve_meta_content_width":0,"neve_meta_title_alignment":"","neve_meta_author_avatar":"","neve_post_elements_order":"","neve_meta_disable_header":"","neve_meta_disable_footer":"","neve_meta_disable_title":"","_vp_format_video_url":"","_vp_image_focal_point":[],"footnotes":""},"class_list":["post-1322","page","type-page","status-publish","hentry"],"_links":{"self":[{"href":"https:\/\/holaextremundo.com\/en\/wp-json\/wp\/v2\/pages\/1322","targetHints":{"allow":["GET"]}}],"collection":[{"href":"https:\/\/holaextremundo.com\/en\/wp-json\/wp\/v2\/pages"}],"about":[{"href":"https:\/\/holaextremundo.com\/en\/wp-json\/wp\/v2\/types\/page"}],"author":[{"embeddable":true,"href":"https:\/\/holaextremundo.com\/en\/wp-json\/wp\/v2\/users\/1"}],"replies":[{"embeddable":true,"href":"https:\/\/holaextremundo.com\/en\/wp-json\/wp\/v2\/comments?post=1322"}],"version-history":[{"count":2,"href":"https:\/\/holaextremundo.com\/en\/wp-json\/wp\/v2\/pages\/1322\/revisions"}],"predecessor-version":[{"id":1328,"href":"https:\/\/holaextremundo.com\/en\/wp-json\/wp\/v2\/pages\/1322\/revisions\/1328"}],"wp:attachment":[{"href":"https:\/\/holaextremundo.com\/en\/wp-json\/wp\/v2\/media?parent=1322"}],"curies":[{"name":"wp","href":"https:\/\/api.w.org\/{rel}","templated":true}]}}