{"id":1318,"date":"2023-03-22T13:43:03","date_gmt":"2023-03-22T13:43:03","guid":{"rendered":"https:\/\/holaextremundo.com\/?page_id=1318"},"modified":"2023-03-22T13:47:38","modified_gmt":"2023-03-22T13:47:38","slug":"system-badajoz","status":"publish","type":"page","link":"https:\/\/holaextremundo.com\/en\/system-badajoz\/","title":{"rendered":"SYSTEM Movilidad de Badajoz"},"content":{"rendered":"<p>Estamos muy ilusionados de anunciar la Movilidad pacense del proyecto Erasmus+ SYSTEM en Badajoz (Espa\u00f1a) del proyecto Erasmus+ <a href=\"https:\/\/holaextremundo.com\/en\/system\/\" data-type=\"page\" data-id=\"1162\">KA210 SYSTEM \u00abSupporting Youth in STEM\u00bb<\/a><\/p>\n\n\n\n<h2 class=\"wp-block-heading\">\u00bfQu\u00e9 se har\u00e1 en estas jornadas?<\/h2>\n\n\n\n<p>Se realizar\u00e1n actividades de ciencia y tecnolog\u00eda afrontando los principales retos de la juventud como la orientaci\u00f3n acad\u00e9mica, trabajar por reducir la brecha de g\u00e9nero en las STEM o divulgar ciencia para mejorar el conocimiento de la poblaci\u00f3n general<\/p>\n\n\n\n<p>En clave local, se celebrar\u00e1 una jornada que d\u00e9 promoci\u00f3n al ecosistema extreme\u00f1o de innovaci\u00f3n, ciencia y tecnolog\u00eda<\/p>\n\n\n\n<p>Este proyecto se enmarca dentro del programa Erasmus+ (tipo KA210 &#8211; colaboraci\u00f3n entre centros educativos)<\/p>\n\n\n\n<h2 class=\"wp-block-heading\">\u00bfEn qu\u00e9 fechas recibiremos la visita?<\/h2>\n\n\n\n<p>Del 16 al 20 de abril recibiremos la visita de un grupo estudiantes y profesores turcos e italianos (2 profesores y 2 estudiantes) de los siguientes centros<\/p>\n\n\n\n<p>Istituto Francesco Redi &#8211; Patern\u00f2, Sicilia (Italia)<\/p>\n\n\n\n<p>Adile Mermerci &#8211; Estambul (Turqu\u00eda)<\/p>\n\n\n\n<p>Asociaci\u00f3n Extremundo &#8211; Extremadura<\/p>\n\n\n\n<p>IES S\u00e1enz de Buruaga &#8211; M\u00e9rida<\/p>\n\n\n\n<p>Steam Center Badajoz &#8211; Badajoz<\/p>\n\n\n\n<h2 class=\"wp-block-heading\">\u00bfCu\u00e1l es el programa de actividades?<\/h2>\n\n\n\n<p>D\u00eda 16 d\u00eda de llegada<\/p>\n\n\n\n<p>D\u00eda 17: d\u00eda 1 de actividades \u00abscience for everybody day\u00bb<\/p>\n\n\n\n<p>D\u00eda 18: d\u00eda 2 de actividades \u00abtechnology to improve our world day\u00bb<\/p>\n\n\n\n<p>D\u00eda 19: d\u00eda 3 de actividades \u00absteam education to democratize knowledge day\u00bb<\/p>\n\n\n\n<p>D\u00eda 20 d\u00eda de salida<\/p>\n\n\n\n<p>Se realizar\u00e1n actividades como una visita a la Facultad de Ingenier\u00eda y unas Jornadas en el Parque Cient\u00edfico, Escape Rooms, demostraciones tecnol\u00f3gicas, Rob\u00f3tica y una experiencia de Astroturismo<\/p>\n\n\n\n<h2 class=\"wp-block-heading\">\u00bfQu\u00e9 fase del proyecto constituye esta movilidad?<\/h2>\n\n\n\n<p>Tras el Kick Off (reuni\u00f3n de coordinaci\u00f3n al inicio del proyecto) de M\u00e9rida y la primera movilidad en Patern\u00f2 (Italia), esta movilidad constituye el segundo programa de actividades, que concluir\u00e1 en la \u00faltima movilidad en Estambul en Octubre<\/p>\n\n\n\n<h2 class=\"wp-block-heading\">\u00bfQu\u00e9 entidades participan en la movilidad pacense?<\/h2>\n\n\n\n<p>El proyecto cuenta con la organizaci\u00f3n de la Asociaci\u00f3n Extremundo, una asociaci\u00f3n extreme\u00f1a que trae proyectos Erasmus+ a Extremadura y <a href=\"https:\/\/steamcenterbadajoz.es\/\" target=\"_blank\" rel=\"noreferrer noopener\">Steam Center Badajoz<\/a>, un centro de innovaci\u00f3n educativa y psicopedag\u00f3gico<\/p>\n\n\n\n<p>Tambi\u00e9n participan o colaboran Fundecyt-Pctex, FIWARE Space, Finca la Cocosa y Diputaci\u00f3n de Badajoz, Escuela de Ingenier\u00edas Industriales, Extremadura Buenas Noches, Asociaci\u00f3n AluCIENCIAnante y Coconet Mentes Creativas.<\/p>\n\n\n\n<p>El proyecto est\u00e1 cofinanciado por el programa Erasmus+ a trav\u00e9s de la acci\u00f3n KA210, colaboraciones entre centros educativos a peque\u00f1a escala y supone la segunda movilidad de actividades tras la primera edici\u00f3n en Patern\u00f2, y el <a href=\"https:\/\/holaextremundo.com\/en\/system-kick-off\/\" data-type=\"page\" data-id=\"1174\">Kick-Off que dio inicio al proyecto en M\u00e9rida<\/a>. El organismo que representa el programa Erasmus+ en este programa es el SEPIE (Servicio Espa\u00f1ol Para la Internacionalizaci\u00f3n de la Educaci\u00f3n)<\/p>","protected":false},"excerpt":{"rendered":"<p>Estamos muy ilusionados de anunciar la Movilidad pacense del proyecto Erasmus+ SYSTEM en Badajoz (Espa\u00f1a) del proyecto Erasmus+ KA210 SYSTEM \u00abSupporting Youth in STEM\u00bb \u00bfQu\u00e9 se har\u00e1 en estas jornadas? Se realizar\u00e1n actividades de ciencia y tecnolog\u00eda afrontando los principales retos de la juventud como la orientaci\u00f3n acad\u00e9mica, trabajar por reducir la brecha de g\u00e9nero&hellip;&nbsp;<a href=\"https:\/\/holaextremundo.com\/en\/system-badajoz\/\" rel=\"bookmark\">Read More &raquo;<span class=\"screen-reader-text\">SYSTEM Movilidad de Badajoz<\/span><\/a><\/p>","protected":false},"author":1,"featured_media":0,"parent":0,"menu_order":0,"comment_status":"closed","ping_status":"closed","template":"","meta":{"neve_meta_sidebar":"","neve_meta_container":"","neve_meta_enable_content_width":"","neve_meta_content_width":0,"neve_meta_title_alignment":"","neve_meta_author_avatar":"","neve_post_elements_order":"","neve_meta_disable_header":"","neve_meta_disable_footer":"","neve_meta_disable_title":"","_vp_format_video_url":"","_vp_image_focal_point":[],"footnotes":""},"class_list":["post-1318","page","type-page","status-publish","hentry"],"_links":{"self":[{"href":"https:\/\/holaextremundo.com\/en\/wp-json\/wp\/v2\/pages\/1318","targetHints":{"allow":["GET"]}}],"collection":[{"href":"https:\/\/holaextremundo.com\/en\/wp-json\/wp\/v2\/pages"}],"about":[{"href":"https:\/\/holaextremundo.com\/en\/wp-json\/wp\/v2\/types\/page"}],"author":[{"embeddable":true,"href":"https:\/\/holaextremundo.com\/en\/wp-json\/wp\/v2\/users\/1"}],"replies":[{"embeddable":true,"href":"https:\/\/holaextremundo.com\/en\/wp-json\/wp\/v2\/comments?post=1318"}],"version-history":[{"count":2,"href":"https:\/\/holaextremundo.com\/en\/wp-json\/wp\/v2\/pages\/1318\/revisions"}],"predecessor-version":[{"id":1321,"href":"https:\/\/holaextremundo.com\/en\/wp-json\/wp\/v2\/pages\/1318\/revisions\/1321"}],"wp:attachment":[{"href":"https:\/\/holaextremundo.com\/en\/wp-json\/wp\/v2\/media?parent=1318"}],"curies":[{"name":"wp","href":"https:\/\/api.w.org\/{rel}","templated":true}]}}