{"id":1265,"date":"2023-01-16T12:39:39","date_gmt":"2023-01-16T12:39:39","guid":{"rendered":"https:\/\/holaextremundo.com\/?page_id=1265"},"modified":"2023-01-16T12:39:39","modified_gmt":"2023-01-16T12:39:39","slug":"lets-know-each-other-strategy-for-the-equity-inclusion-of-roma-students","status":"publish","type":"page","link":"https:\/\/holaextremundo.com\/en\/lets-know-each-other-strategy-for-the-equity-inclusion-of-roma-students\/","title":{"rendered":"Let\u2019s know each other: Strategy for the Equity Inclusion of Roma Students"},"content":{"rendered":"<p>Dear Friends, let me introduce our running project called \u201cLet\u2019s know each other: Strategy for the Equity Inclusion of Roma Students\u201d with project code 2020-1-EL01-KA201-078810.<\/p>\n\n\n\n<p><br>The project aim is to create a learning community based on training especially focusing on helping break down the barriers and attitudes that result Roma communities improving the outcomes for this group. Also, the partners -Gymnasio Zipariou, Kos, ICON (Greece); ISTITUTO PROFESSIONALE ALBERGHIERO TURISTICO, VEM, (Italy); Vocational High School of Transport and Transport Management, (Bulgaria); Agrupamento de Escolas de S\u00e3o Jo\u00e3o da Talha, (Portugal); Centro Concertado Leonardo da Vinci, (Spain); Szolnoki SZC Klapka Gy\u00f6rgy Technikum \u00e9s Szakk\u00e9pz\u0151 Iskola, Testv\u00e9rv\u00e1rosok Bar\u00e1ti Egyes\u00fclete, (Hungary)- want to raise awareness of the importance of intercultural dialogue among European citizens.<\/p>\n\n\n\n<figure class=\"wp-block-image size-full\"><img fetchpriority=\"high\" decoding=\"async\" width=\"945\" height=\"634\" src=\"https:\/\/holaextremundo.com\/wp-content\/uploads\/2023\/01\/WhatsApp-Image-2023-01-16-at-13.37.27.jpeg\" alt=\"Lets know each other Erasmus+ project\" class=\"wp-image-1266\" srcset=\"https:\/\/holaextremundo.com\/wp-content\/uploads\/2023\/01\/WhatsApp-Image-2023-01-16-at-13.37.27.jpeg 945w, https:\/\/holaextremundo.com\/wp-content\/uploads\/2023\/01\/WhatsApp-Image-2023-01-16-at-13.37.27-300x201.jpeg 300w, https:\/\/holaextremundo.com\/wp-content\/uploads\/2023\/01\/WhatsApp-Image-2023-01-16-at-13.37.27-768x515.jpeg 768w, https:\/\/holaextremundo.com\/wp-content\/uploads\/2023\/01\/WhatsApp-Image-2023-01-16-at-13.37.27-18x12.jpeg 18w, https:\/\/holaextremundo.com\/wp-content\/uploads\/2023\/01\/WhatsApp-Image-2023-01-16-at-13.37.27-500x335.jpeg 500w, https:\/\/holaextremundo.com\/wp-content\/uploads\/2023\/01\/WhatsApp-Image-2023-01-16-at-13.37.27-800x537.jpeg 800w\" sizes=\"(max-width: 945px) 100vw, 945px\" \/><figcaption class=\"wp-element-caption\">Picture of the meeting<\/figcaption><\/figure>\n\n\n\n<p><br>The 1st Erasmus+ Kick off Meeting was held between 20 \u2013 23 of September in 2021, at Concertado \u201cLeonardo da Vinci\u201d, Los Belones, Spain.<\/p>\n\n\n\n<p><br>During the meeting we exchanged our practices about Roma inclusion, Roma and education, policies and strategies for Roma education and focused on and clarified important aspects.<\/p>\n\n\n\n<p><br>The first LTTA took place between 22-26 November 2021 in Hungary, J\u00e1szber\u00e9ny. The main goal of the meeting was to gain deep insight into the Hungarian education system with the purpose to get to know how the Hungarian educational institutions succeed to integrate roma students into the education, which projects and measures are available to prevent roma students from early school-leaving both on local and national level.<\/p>\n\n\n\n<p><br>In the framework of LTTA the participants were offered the possibility to change experiences, good practices related to the topic of the project, taking into consideration all cultural diversities.<\/p>\n\n\n\n<p><br>The 2nd Erasmus+ Transnational Project Meeting was held between 24 \u2013 26 of January in 2022, organized by V.E.M. srls, Reggio Calabria and IPALBTUR Villa San Giovanni at Reggio Calabria, Italy, where we focused on the Monitoring project development, targets, budget and financial procedures, implementation of evaluation strategy, completing the evaluation reports.<br>The collaboration, environment, and atmosphere in which the meetings were held was excellent. New perspectives and values have been broadened, our experience has been good to think about the differences and similarities among countries and people, racism, ignorance and prejudice has been reduced.<\/p>\n\n\n\n<p><br>The second LTTA took place between 03-07 October 2022 in Bulgaria, Kazanlak. \nThe participants were professionals and teachers that work with Roma students and Roma people. During the meeting we exchanged our practices about Roma inclusion, Roma and education, policies and strategies for Roma education and focused on and clarified important aspects.<\/p>\n\n\n\n<p><br>Los participantes eran profesionales y profesores que trabajan con estudiantes y personas gitanas. Durante la reuni\u00f3n intercambiamos nuestras pr\u00e1cticas sobre la inclusi\u00f3n de los gitanos, los gitanos y la educaci\u00f3n, las pol\u00edticas y estrategias para la educaci\u00f3n de los gitanos y nos centramos y aclaramos aspectos importantes.<\/p>","protected":false},"excerpt":{"rendered":"<p>Estimados amigos, perm\u00edtanme presentarles nuestro proyecto en curso llamado \u00ab\u201cLet\u2019s know each other: Strategy for the Equity Inclusion of Roma Students\u00bb con el c\u00f3digo de proyecto 2020-1-EL01-KA201-078810. El objetivo del proyecto es crear una comunidad de aprendizaje basada en la formaci\u00f3n, centr\u00e1ndose especialmente en ayudar a romper las barreras y las actitudes que hacen que&hellip;&nbsp;<a href=\"https:\/\/holaextremundo.com\/en\/lets-know-each-other-strategy-for-the-equity-inclusion-of-roma-students\/\" rel=\"bookmark\">Read More &raquo;<span class=\"screen-reader-text\">Let\u2019s know each other: Strategy for the Equity Inclusion of Roma Students<\/span><\/a><\/p>","protected":false},"author":1,"featured_media":0,"parent":0,"menu_order":0,"comment_status":"closed","ping_status":"closed","template":"","meta":{"neve_meta_sidebar":"full-width","neve_meta_container":"","neve_meta_enable_content_width":"on","neve_meta_content_width":100,"neve_meta_title_alignment":"","neve_meta_author_avatar":"","neve_post_elements_order":"","neve_meta_disable_header":"","neve_meta_disable_footer":"","neve_meta_disable_title":"","_vp_format_video_url":"","_vp_image_focal_point":[],"footnotes":""},"class_list":["post-1265","page","type-page","status-publish","hentry"],"_links":{"self":[{"href":"https:\/\/holaextremundo.com\/en\/wp-json\/wp\/v2\/pages\/1265","targetHints":{"allow":["GET"]}}],"collection":[{"href":"https:\/\/holaextremundo.com\/en\/wp-json\/wp\/v2\/pages"}],"about":[{"href":"https:\/\/holaextremundo.com\/en\/wp-json\/wp\/v2\/types\/page"}],"author":[{"embeddable":true,"href":"https:\/\/holaextremundo.com\/en\/wp-json\/wp\/v2\/users\/1"}],"replies":[{"embeddable":true,"href":"https:\/\/holaextremundo.com\/en\/wp-json\/wp\/v2\/comments?post=1265"}],"version-history":[{"count":1,"href":"https:\/\/holaextremundo.com\/en\/wp-json\/wp\/v2\/pages\/1265\/revisions"}],"predecessor-version":[{"id":1267,"href":"https:\/\/holaextremundo.com\/en\/wp-json\/wp\/v2\/pages\/1265\/revisions\/1267"}],"wp:attachment":[{"href":"https:\/\/holaextremundo.com\/en\/wp-json\/wp\/v2\/media?parent=1265"}],"curies":[{"name":"wp","href":"https:\/\/api.w.org\/{rel}","templated":true}]}}