{"id":1200,"date":"2022-12-20T14:13:06","date_gmt":"2022-12-20T14:13:06","guid":{"rendered":"https:\/\/holaextremundo.com\/?page_id=1200"},"modified":"2022-12-20T14:29:28","modified_gmt":"2022-12-20T14:29:28","slug":"empoderamiento-provincia-caceres","status":"publish","type":"page","link":"https:\/\/holaextremundo.com\/en\/empoderamiento-provincia-caceres\/","title":{"rendered":"Empoderamiento personal y comunitario para la provincia de C\u00e1ceres mediante proyectos a diferentes escalas"},"content":{"rendered":"<p>Nos complace anunciar un nuevo proyecto local llamado \u00abEmpoderamiento personal y comunitario para la provincia de C\u00e1ceres mediante proyectos a diferentes escalas\u00bb<\/p>\n\n\n\n<h2 class=\"wp-block-heading\">\u00bfEn qu\u00e9 consiste este programa?<\/h2>\n\n\n\n<p>Se trata de un programa de actividades que trata de empoderar y acompa\u00f1ar a j\u00f3venes y adultos extreme\u00f1os para que sean capaces de liderar cambios a favor de ellos mismos\/as y de sus comunidades. Para ello el programa va a dividirse en varias acciones correlacionadas: Capacitaci\u00f3n, Acci\u00f3n, Acompa\u00f1amiento, Networking y Seguimiento.<\/p>\n\n\n\n<h2 class=\"wp-block-heading\"><strong>\u00bfD\u00f3nde se desarrolla este programa?<\/strong><\/h2>\n\n\n\n<p>\u00abEmpoderamiento personal y comunitario para la provincia de C\u00e1ceres mediante proyectos a diferentes escalas\u00bb es un proyecto que se desarrolla en la Provincia de C\u00e1ceres mediante la dinamizaci\u00f3n de actividades que lleguen a distintos puntos de la provincia en tem\u00e1ticas como el empoderamiento y la cultura<\/p>\n\n\n\n<h2 class=\"wp-block-heading\">\u00bfCu\u00e1ndo se desarrolla?<\/h2>\n\n\n\n<p>Programa desarrollado desde el 1 de septiembre de 2021 al 31 de agosto de 2022<\/p>\n\n\n\n<h2 class=\"wp-block-heading\">\u00bfCu\u00e1les son las principales actividades y tem\u00e1ticas?<\/h2>\n\n\n<div class=\"wp-block-image\">\n<figure class=\"aligncenter size-large\"><img fetchpriority=\"high\" decoding=\"async\" width=\"724\" height=\"1024\" src=\"https:\/\/holaextremundo.com\/wp-content\/uploads\/2022\/12\/empoderamiento-personal-comunitario-caceres-724x1024.jpeg\" alt=\"\" class=\"wp-image-1210\" srcset=\"https:\/\/holaextremundo.com\/wp-content\/uploads\/2022\/12\/empoderamiento-personal-comunitario-caceres-724x1024.jpeg 724w, https:\/\/holaextremundo.com\/wp-content\/uploads\/2022\/12\/empoderamiento-personal-comunitario-caceres-212x300.jpeg 212w, https:\/\/holaextremundo.com\/wp-content\/uploads\/2022\/12\/empoderamiento-personal-comunitario-caceres-768x1086.jpeg 768w, https:\/\/holaextremundo.com\/wp-content\/uploads\/2022\/12\/empoderamiento-personal-comunitario-caceres-1086x1536.jpeg 1086w, https:\/\/holaextremundo.com\/wp-content\/uploads\/2022\/12\/empoderamiento-personal-comunitario-caceres-8x12.jpeg 8w, https:\/\/holaextremundo.com\/wp-content\/uploads\/2022\/12\/empoderamiento-personal-comunitario-caceres-500x707.jpeg 500w, https:\/\/holaextremundo.com\/wp-content\/uploads\/2022\/12\/empoderamiento-personal-comunitario-caceres-800x1132.jpeg 800w, https:\/\/holaextremundo.com\/wp-content\/uploads\/2022\/12\/empoderamiento-personal-comunitario-caceres.jpeg 1131w\" sizes=\"(max-width: 724px) 100vw, 724px\" \/><figcaption class=\"wp-element-caption\">Actividades del proyecto Empoderamiento personal y comunitario para la provincia de C\u00e1ceres mediante proyectos a diferentes escalas<\/figcaption><\/figure>\n<\/div>\n\n\n<p><strong>Taller ecopintura comunitaria:<\/strong> con los Objetivos de Desarrollo Sostenible<\/p>\n\n\n\n<p><strong>Exposici\u00f3n de fotograf\u00eda social<\/strong>: un proyecto de ecopintura comunitaria sobre los Objetivos de Desarrollo Sostenible<\/p>\n\n\n\n<p><strong>Foro Fake News:<\/strong> foro-debate acerca de la tem\u00e1tica de noticias falsas o Fake News<\/p>\n\n\n\n<p><strong>Ciclo de Webinars:<\/strong> capacitaci\u00f3n a trav\u00e9s de un ciclo de webinars sobre Emprendimiento, Asociacionismo y Redes Sociales<\/p>\n\n\n\n<figure class=\"wp-block-embed is-type-video is-provider-youtube wp-block-embed-youtube wp-embed-aspect-4-3 wp-has-aspect-ratio\"><div class=\"wp-block-embed__wrapper\">\n<div class=\"nv-iframe-embed\"><iframe title=\"EXPOSICI\u00d3N FOTOGRAFIA SOCIAL  &quot;ECOPINTURA COMUNITARIA sobre los OBJETIVOS DE DESARROLLO SOSTENIBLE&quot;\" width=\"1200\" height=\"900\" src=\"https:\/\/www.youtube.com\/embed\/VZG_8Y19HTI?feature=oembed\" frameborder=\"0\" allow=\"accelerometer; autoplay; clipboard-write; encrypted-media; gyroscope; picture-in-picture\" allowfullscreen><\/iframe><\/div>\n<\/div><\/figure>\n\n\n\n<h2 class=\"wp-block-heading\">\u00bfQui\u00e9n apoya est\u00e9 proyecto?<\/h2>\n\n\n\n<p>Est\u00e1 subvencionado por Diputaci\u00f3n de C\u00e1ceres<\/p>\n\n\n<div class=\"wp-block-image\">\n<figure class=\"aligncenter size-large\"><img decoding=\"async\" width=\"1024\" height=\"317\" src=\"https:\/\/holaextremundo.com\/wp-content\/uploads\/2022\/12\/Diputacion-Caceres-1024x317.jpeg\" alt=\"Diputaci\u00f3n de C\u00e1ceres\" class=\"wp-image-1206\" srcset=\"https:\/\/holaextremundo.com\/wp-content\/uploads\/2022\/12\/Diputacion-Caceres-1024x317.jpeg 1024w, https:\/\/holaextremundo.com\/wp-content\/uploads\/2022\/12\/Diputacion-Caceres-300x93.jpeg 300w, https:\/\/holaextremundo.com\/wp-content\/uploads\/2022\/12\/Diputacion-Caceres-768x238.jpeg 768w, https:\/\/holaextremundo.com\/wp-content\/uploads\/2022\/12\/Diputacion-Caceres-18x6.jpeg 18w, https:\/\/holaextremundo.com\/wp-content\/uploads\/2022\/12\/Diputacion-Caceres-500x155.jpeg 500w, https:\/\/holaextremundo.com\/wp-content\/uploads\/2022\/12\/Diputacion-Caceres-800x248.jpeg 800w, https:\/\/holaextremundo.com\/wp-content\/uploads\/2022\/12\/Diputacion-Caceres-1280x397.jpeg 1280w, https:\/\/holaextremundo.com\/wp-content\/uploads\/2022\/12\/Diputacion-Caceres.jpeg 1536w\" sizes=\"(max-width: 1024px) 100vw, 1024px\" \/><figcaption class=\"wp-element-caption\">Diputaci\u00f3n de C\u00e1ceres<\/figcaption><\/figure>\n<\/div>","protected":false},"excerpt":{"rendered":"<p>Nos complace anunciar un nuevo proyecto local llamado \u00abEmpoderamiento personal y comunitario para la provincia de C\u00e1ceres mediante proyectos a diferentes escalas\u00bb \u00bfEn qu\u00e9 consiste este programa? Se trata de un programa de actividades que trata de empoderar y acompa\u00f1ar a j\u00f3venes y adultos extreme\u00f1os para que sean capaces de liderar cambios a favor de&hellip;&nbsp;<a href=\"https:\/\/holaextremundo.com\/en\/empoderamiento-provincia-caceres\/\" rel=\"bookmark\">Read More &raquo;<span class=\"screen-reader-text\">Empoderamiento personal y comunitario para la provincia de C\u00e1ceres mediante proyectos a diferentes escalas<\/span><\/a><\/p>","protected":false},"author":3,"featured_media":1206,"parent":0,"menu_order":0,"comment_status":"closed","ping_status":"closed","template":"","meta":{"neve_meta_sidebar":"full-width","neve_meta_container":"","neve_meta_enable_content_width":"on","neve_meta_content_width":100,"neve_meta_title_alignment":"","neve_meta_author_avatar":"","neve_post_elements_order":"","neve_meta_disable_header":"","neve_meta_disable_footer":"","neve_meta_disable_title":"","_vp_format_video_url":"","_vp_image_focal_point":[],"footnotes":""},"class_list":["post-1200","page","type-page","status-publish","has-post-thumbnail","hentry"],"_links":{"self":[{"href":"https:\/\/holaextremundo.com\/en\/wp-json\/wp\/v2\/pages\/1200","targetHints":{"allow":["GET"]}}],"collection":[{"href":"https:\/\/holaextremundo.com\/en\/wp-json\/wp\/v2\/pages"}],"about":[{"href":"https:\/\/holaextremundo.com\/en\/wp-json\/wp\/v2\/types\/page"}],"author":[{"embeddable":true,"href":"https:\/\/holaextremundo.com\/en\/wp-json\/wp\/v2\/users\/3"}],"replies":[{"embeddable":true,"href":"https:\/\/holaextremundo.com\/en\/wp-json\/wp\/v2\/comments?post=1200"}],"version-history":[{"count":4,"href":"https:\/\/holaextremundo.com\/en\/wp-json\/wp\/v2\/pages\/1200\/revisions"}],"predecessor-version":[{"id":1217,"href":"https:\/\/holaextremundo.com\/en\/wp-json\/wp\/v2\/pages\/1200\/revisions\/1217"}],"wp:featuredmedia":[{"embeddable":true,"href":"https:\/\/holaextremundo.com\/en\/wp-json\/wp\/v2\/media\/1206"}],"wp:attachment":[{"href":"https:\/\/holaextremundo.com\/en\/wp-json\/wp\/v2\/media?parent=1200"}],"curies":[{"name":"wp","href":"https:\/\/api.w.org\/{rel}","templated":true}]}}