{"id":1174,"date":"2022-12-18T11:22:05","date_gmt":"2022-12-18T11:22:05","guid":{"rendered":"https:\/\/holaextremundo.com\/?page_id=1174"},"modified":"2022-12-19T20:27:54","modified_gmt":"2022-12-19T20:27:54","slug":"system-kick-off","status":"publish","type":"page","link":"https:\/\/holaextremundo.com\/en\/system-kick-off\/","title":{"rendered":"SYSTEM: Kick Off Meeting (M\u00e9rida)"},"content":{"rendered":"<p>Our second Erasmus+ project is already on progress <img decoding=\"async\" height=\"16\" width=\"16\" alt=\"\ud83d\udd25\" src=\"https:\/\/static.xx.fbcdn.net\/images\/emoji.php\/v9\/ta9\/1.5\/16\/1f525.png\"><img decoding=\"async\" height=\"16\" width=\"16\" alt=\"\ud83d\udd25\" src=\"https:\/\/static.xx.fbcdn.net\/images\/emoji.php\/v9\/ta9\/1.5\/16\/1f525.png\"><\/p>\n\n\n\n<p><img decoding=\"async\" height=\"16\" width=\"16\" src=\"https:\/\/static.xx.fbcdn.net\/images\/emoji.php\/v9\/t1f\/1.5\/16\/1f680.png\" alt=\"\ud83d\ude80\">\u00abSYSTEM: Supporting Youth in Science, Technology, Engineering and Maths\u00bb has just begun. A kick off meeting hold in M\u00e9rida (Extremadura, Spain) has been the first act of the project with Italy, Turkey and Spain as participants countries. <img decoding=\"async\" height=\"16\" width=\"16\" src=\"https:\/\/static.xx.fbcdn.net\/images\/emoji.php\/v9\/tcd\/1.5\/16\/1f1ea_1f1f8.png\" alt=\"\ud83c\uddea\ud83c\uddf8\"><img loading=\"lazy\" decoding=\"async\" height=\"16\" width=\"16\" src=\"https:\/\/static.xx.fbcdn.net\/images\/emoji.php\/v9\/t83\/1.5\/16\/1f1f9_1f1f7.png\" alt=\"\ud83c\uddf9\ud83c\uddf7\"><img loading=\"lazy\" decoding=\"async\" height=\"16\" width=\"16\" src=\"https:\/\/static.xx.fbcdn.net\/images\/emoji.php\/v9\/t52\/1.5\/16\/1f1ee_1f1f9.png\" alt=\"\ud83c\uddee\ud83c\uddf9\"><\/p>\n\n\n\n<figure class=\"wp-block-image size-large\"><img loading=\"lazy\" decoding=\"async\" width=\"1024\" height=\"768\" src=\"https:\/\/holaextremundo.com\/wp-content\/uploads\/2022\/12\/320796636_1132959174030341_3944611800777983442_n-1-1024x768.jpg\" alt=\"\" class=\"wp-image-1177\" srcset=\"https:\/\/holaextremundo.com\/wp-content\/uploads\/2022\/12\/320796636_1132959174030341_3944611800777983442_n-1-1024x768.jpg 1024w, https:\/\/holaextremundo.com\/wp-content\/uploads\/2022\/12\/320796636_1132959174030341_3944611800777983442_n-1-300x225.jpg 300w, https:\/\/holaextremundo.com\/wp-content\/uploads\/2022\/12\/320796636_1132959174030341_3944611800777983442_n-1-768x576.jpg 768w, https:\/\/holaextremundo.com\/wp-content\/uploads\/2022\/12\/320796636_1132959174030341_3944611800777983442_n-1-16x12.jpg 16w, https:\/\/holaextremundo.com\/wp-content\/uploads\/2022\/12\/320796636_1132959174030341_3944611800777983442_n-1-500x375.jpg 500w, https:\/\/holaextremundo.com\/wp-content\/uploads\/2022\/12\/320796636_1132959174030341_3944611800777983442_n-1-800x600.jpg 800w, https:\/\/holaextremundo.com\/wp-content\/uploads\/2022\/12\/320796636_1132959174030341_3944611800777983442_n-1.jpg 1080w\" sizes=\"(max-width: 1024px) 100vw, 1024px\" \/><figcaption class=\"wp-element-caption\">Coordinadores del proyecto Erasmus+ SYSTEM Suppoting Youth in Science, Technology, Engineering and Maths<\/figcaption><\/figure>\n\n\n\n<p>In Day 1 of the Kick Off Meeting, we have been hosted by M\u00e9rida Town Hall, the mayor, Mr Antonio Rodr\u00edguez Osuna and the Education city councillor, Ms Susana Fajardo Bautista. We thank you your hospitality, your time and your support <a href=\"https:\/\/merida.es\/\" target=\"_blank\" rel=\"noreferrer noopener\">Ayuntamiento de M\u00e9rida<\/a> y el alcalde Antonio Rodriguez Osuna , y la concejala de educaci\u00f3n Susana Fajardo Bautista a los que os agradecemos vuestro tiempo y vuestra bienvenida a los profesores italianos y turcos<\/p>\n\n\n\n<p>This project aims to foster scientific and technological profiles through Non-Formal Education and deal with challenges in the innovation, science and technology ecosystem in the internacional scenario. There is going to be 3 mobilities in Badajoz, Spain, Istanbul, Turkey and Patern\u00f2, Italy and a virtual Meeting <img loading=\"lazy\" decoding=\"async\" height=\"16\" width=\"16\" alt=\"\ud83c\uddf9\ud83c\uddf7\" src=\"https:\/\/static.xx.fbcdn.net\/images\/emoji.php\/v9\/t83\/1.5\/16\/1f1f9_1f1f7.png\">, Patern\u00f3 <img loading=\"lazy\" decoding=\"async\" height=\"16\" width=\"16\" alt=\"\ud83c\uddee\ud83c\uddf9\" src=\"https:\/\/static.xx.fbcdn.net\/images\/emoji.php\/v9\/t52\/1.5\/16\/1f1ee_1f1f9.png\"> y Badajoz <img loading=\"lazy\" decoding=\"async\" height=\"16\" width=\"16\" alt=\"\ud83c\uddea\ud83c\uddf8\" src=\"https:\/\/static.xx.fbcdn.net\/images\/emoji.php\/v9\/tcd\/1.5\/16\/1f1ea_1f1f8.png\"> adem\u00e1s de una reuni\u00f3n virtual a mitad de proyecto<\/p>\n\n\n\n<p><a href=\"http:\/\/steamcenterbadajoz.es\/\" target=\"_blank\" rel=\"noreferrer noopener\">Steam Center Badajoz<\/a> , el <a href=\"https:\/\/iessaenzburuaga.educarex.es\/\" target=\"_blank\" rel=\"noreferrer noopener\">IES S\u00e1enz de Buruaga<\/a> , Istituto d\u2019istruzione superiore Francesco Redi and Adile Mermeci Anadolu Lisesi are the key partners of this project<\/p>\n\n\n\n<p><img loading=\"lazy\" decoding=\"async\" height=\"16\" width=\"16\" alt=\"\ud83c\udfaf\" src=\"https:\/\/static.xx.fbcdn.net\/images\/emoji.php\/v9\/t9\/1.5\/16\/1f3af.png\"> Our purpose in Extremadura mobilities is going to be to promote STEAM education and innovation work done in Extremadura, as one of our main work areas in Extremundo, as previous projects<\/p>\n\n\n\n<p><img decoding=\"async\" height=\"16\" width=\"16\" src=\"https:\/\/static.xx.fbcdn.net\/images\/emoji.php\/v9\/tcd\/1.5\/16\/1f1ea_1f1f8.png\" alt=\"\ud83c\uddea\ud83c\uddf8\"> M\u00e9rida has been selected to coordinate the project and start the work team. Cultural visit, visit to the Town Hall, work time in Centro Cultural Alcazaba, visit to IES Saenz de Buruaga. We thank M\u00e9rida Town Hall and Saenz de Buruaga to host us and create work time &amp; places to strengthen links among partners. The participants have been interviewed in scholar radio in Saenz de Buruaga<\/p>\n\n\n\n<p>Stay tuned to know more about this beautiful project. Our second Erasmus+ project after <img loading=\"lazy\" decoding=\"async\" height=\"16\" width=\"16\" src=\"https:\/\/static.xx.fbcdn.net\/images\/emoji.php\/v9\/tb1\/1.5\/16\/1f929.png\" alt=\"\ud83e\udd29\"> another beautiful project as <a href=\"https:\/\/holaextremundo.com\/en\/yfce-intercambio-juvenil\/\" data-type=\"page\" data-id=\"1140\">YFCE: Young Fact-Checking Experts<\/a><\/p>\n\n\n\n<p>#SYSTEM<\/p>\n\n\n\n<p>Cofunded by Erasmus+. SYSTEM - Supporting Youth in STEM is the naming of this KA210 Erasmus+ project financed with 30.000\u20ac by <a href=\"http:\/\/www.sepie.es\/\">SEPIE<\/a> National Erasmus+ Agency in Spain<\/p>","protected":false},"excerpt":{"rendered":"<p>Nuestro segundo proyecto Erasmus+ ya est\u00e1 en marcha El proyecto \u00abSYSTEM: Supporting Youth in Science, Technology, Engineering and Maths\u00bb acaba dar el pistoletazo de salida con el Kick Off Meeting en M\u00e9rida, Extremadura, Espa\u00f1a con participantes espa\u00f1oles, italianos y turcos En el primer d\u00eda hemos tenido un recibimiento por parte del Ayuntamiento de M\u00e9rida y&hellip;&nbsp;<a href=\"https:\/\/holaextremundo.com\/en\/system-kick-off\/\" rel=\"bookmark\">Read More &raquo;<span class=\"screen-reader-text\">SYSTEM: Kick Off Meeting (M\u00e9rida)<\/span><\/a><\/p>","protected":false},"author":3,"featured_media":1176,"parent":0,"menu_order":0,"comment_status":"closed","ping_status":"closed","template":"","meta":{"neve_meta_sidebar":"full-width","neve_meta_container":"","neve_meta_enable_content_width":"on","neve_meta_content_width":100,"neve_meta_title_alignment":"","neve_meta_author_avatar":"","neve_post_elements_order":"","neve_meta_disable_header":"","neve_meta_disable_footer":"","neve_meta_disable_title":"","_vp_format_video_url":"","_vp_image_focal_point":[],"footnotes":""},"class_list":["post-1174","page","type-page","status-publish","has-post-thumbnail","hentry"],"_links":{"self":[{"href":"https:\/\/holaextremundo.com\/en\/wp-json\/wp\/v2\/pages\/1174","targetHints":{"allow":["GET"]}}],"collection":[{"href":"https:\/\/holaextremundo.com\/en\/wp-json\/wp\/v2\/pages"}],"about":[{"href":"https:\/\/holaextremundo.com\/en\/wp-json\/wp\/v2\/types\/page"}],"author":[{"embeddable":true,"href":"https:\/\/holaextremundo.com\/en\/wp-json\/wp\/v2\/users\/3"}],"replies":[{"embeddable":true,"href":"https:\/\/holaextremundo.com\/en\/wp-json\/wp\/v2\/comments?post=1174"}],"version-history":[{"count":2,"href":"https:\/\/holaextremundo.com\/en\/wp-json\/wp\/v2\/pages\/1174\/revisions"}],"predecessor-version":[{"id":1180,"href":"https:\/\/holaextremundo.com\/en\/wp-json\/wp\/v2\/pages\/1174\/revisions\/1180"}],"wp:featuredmedia":[{"embeddable":true,"href":"https:\/\/holaextremundo.com\/en\/wp-json\/wp\/v2\/media\/1176"}],"wp:attachment":[{"href":"https:\/\/holaextremundo.com\/en\/wp-json\/wp\/v2\/media?parent=1174"}],"curies":[{"name":"wp","href":"https:\/\/api.w.org\/{rel}","templated":true}]}}