{"id":1162,"date":"2022-11-27T22:50:29","date_gmt":"2022-11-27T22:50:29","guid":{"rendered":"https:\/\/holaextremundo.com\/?page_id=1162"},"modified":"2022-11-27T22:51:17","modified_gmt":"2022-11-27T22:51:17","slug":"system","status":"publish","type":"page","link":"https:\/\/holaextremundo.com\/en\/system\/","title":{"rendered":"SYSTEM"},"content":{"rendered":"<p>Activities are designed for students from 13 to 17 from Italy, Turkey and Spain and rest of participant profiles (teachers, youth workers, trainers and innovation ecosystem actors)<\/p>\n\n\n\n<p>The most relevant priority of the project is to promote interest and excellence in Science, Technology, Engineering and Mathematics (STEM) and the STEAM approach, including the Art section<\/p>\n\n\n\n<h2 class=\"wp-block-heading\">Who are going to be the participants in the project?<\/h2>\n\n\n\n<p class=\"translation-block\">The promoters of our project are Asociaci\u00f3n Extremundo, STEAM Center Badajoz, Instituto de Ense\u00f1anza Secundaria \"S\u00e1enz de Buruaga\", Instituto d'Istruzione Superiore \"Francesco Redi\" and Adile Mermeci Anadolu Lisesi<\/p>\n\n\n\n<p>The Kick-Off Meeting is going to be held in M\u00e9rida, Spain from 13th to 16th December (with collaboration of M\u00e9rida's City Hall) and the Learning and Training Activities if nothing changes in Patern\u00f2, in February 2023, in Badajoz, Spain in May 2023 and Istanbul, Turkey in September 2023<\/p>\n\n\n\n<h2 class=\"wp-block-heading\">Which activities are going to be devoloped?<\/h2>\n\n\n\n<p>Escape Rooms, Scientific Tours, visit to laboratories, faculties, innovation spaces, scientific challenges, expert talks and tourism visit and local experiences are going to be some of the activities we are going to enjoy in the project<\/p>\n\n\n\n<h2 class=\"wp-block-heading\">SYSTEM, a project supported by Erasmus+<\/h2>\n\n\n\n<p>SYSTEM: Supporting Youth in Science, Technology and Education is supported by Erasmus+ as a KA210 SCH Small Scall Partnerships in School Education<\/p>","protected":false},"excerpt":{"rendered":"<p>Las actividades se dirigen a estudiantes de 13 a 17 a\u00f1os de Italia, Turqu\u00eda y Espa\u00f1a y al resto de perfiles de los participantes (profesores, trabajadores de la juventud y agentes del ecosistema de innovaci\u00f3n de cada uno de los pa\u00edses involucrados) La prioridad del proyecto es promover el inter\u00e9s en la Ciencia, Tecnolog\u00eda, Ingenier\u00eda&hellip;&nbsp;<a href=\"https:\/\/holaextremundo.com\/en\/system\/\" rel=\"bookmark\">Read More &raquo;<span class=\"screen-reader-text\">SYSTEM<\/span><\/a><\/p>","protected":false},"author":3,"featured_media":0,"parent":0,"menu_order":0,"comment_status":"closed","ping_status":"closed","template":"","meta":{"neve_meta_sidebar":"full-width","neve_meta_container":"","neve_meta_enable_content_width":"on","neve_meta_content_width":100,"neve_meta_title_alignment":"","neve_meta_author_avatar":"","neve_post_elements_order":"","neve_meta_disable_header":"","neve_meta_disable_footer":"","neve_meta_disable_title":"","_vp_format_video_url":"","_vp_image_focal_point":[],"footnotes":""},"class_list":["post-1162","page","type-page","status-publish","hentry"],"_links":{"self":[{"href":"https:\/\/holaextremundo.com\/en\/wp-json\/wp\/v2\/pages\/1162","targetHints":{"allow":["GET"]}}],"collection":[{"href":"https:\/\/holaextremundo.com\/en\/wp-json\/wp\/v2\/pages"}],"about":[{"href":"https:\/\/holaextremundo.com\/en\/wp-json\/wp\/v2\/types\/page"}],"author":[{"embeddable":true,"href":"https:\/\/holaextremundo.com\/en\/wp-json\/wp\/v2\/users\/3"}],"replies":[{"embeddable":true,"href":"https:\/\/holaextremundo.com\/en\/wp-json\/wp\/v2\/comments?post=1162"}],"version-history":[{"count":2,"href":"https:\/\/holaextremundo.com\/en\/wp-json\/wp\/v2\/pages\/1162\/revisions"}],"predecessor-version":[{"id":1165,"href":"https:\/\/holaextremundo.com\/en\/wp-json\/wp\/v2\/pages\/1162\/revisions\/1165"}],"wp:attachment":[{"href":"https:\/\/holaextremundo.com\/en\/wp-json\/wp\/v2\/media?parent=1162"}],"curies":[{"name":"wp","href":"https:\/\/api.w.org\/{rel}","templated":true}]}}